{"id":286,"date":"2020-09-14T13:39:43","date_gmt":"2020-09-14T11:39:43","guid":{"rendered":"https:\/\/bacalsky-mlyn.cz\/?page_id=286"},"modified":"2025-07-20T23:44:18","modified_gmt":"2025-07-20T21:44:18","slug":"restaurace","status":"publish","type":"page","link":"https:\/\/bacalsky-mlyn.cz\/?page_id=286","title":{"rendered":"Restaurace"},"content":{"rendered":"\t\t<div data-elementor-type=\"wp-post\" data-elementor-id=\"286\" class=\"elementor elementor-286\">\n\t\t\t\t\t\t<section class=\"elementor-section elementor-top-section elementor-element elementor-element-fed4d28 elementor-section-boxed elementor-section-height-default elementor-section-height-default\" data-id=\"fed4d28\" data-element_type=\"section\" data-settings=\"{&quot;background_background&quot;:&quot;classic&quot;}\">\n\t\t\t\t\t\t\t<div class=\"elementor-background-overlay\"><\/div>\n\t\t\t\t\t\t\t<div class=\"elementor-container elementor-column-gap-default\">\n\t\t\t\t\t<div class=\"elementor-column elementor-col-100 elementor-top-column elementor-element elementor-element-d9501b7\" data-id=\"d9501b7\" data-element_type=\"column\">\n\t\t\t<div class=\"elementor-widget-wrap elementor-element-populated\">\n\t\t\t\t\t\t<div class=\"elementor-element elementor-element-435d912 elementor-widget elementor-widget-heading\" data-id=\"435d912\" data-element_type=\"widget\" data-widget_type=\"heading.default\">\n\t\t\t\t<div class=\"elementor-widget-container\">\n\t\t\t\t\t<h2 class=\"elementor-heading-title elementor-size-default\">Restaurace<\/h2>\t\t\t\t<\/div>\n\t\t\t\t<\/div>\n\t\t\t\t<div class=\"elementor-element elementor-element-0b4b1d9 elementor-widget elementor-widget-text-editor\" data-id=\"0b4b1d9\" data-element_type=\"widget\" data-widget_type=\"text-editor.default\">\n\t\t\t\t<div class=\"elementor-widget-container\">\n\t\t\t\t\t\t\t\t\t<p>Stylov\u00e1 restaurace p\u0159\u00edmo v penzionu<\/p><p>\u00a0<\/p>\t\t\t\t\t\t\t\t<\/div>\n\t\t\t\t<\/div>\n\t\t\t\t\t<\/div>\n\t\t<\/div>\n\t\t\t\t\t<\/div>\n\t\t<\/section>\n\t\t\t\t<section class=\"elementor-section elementor-top-section elementor-element elementor-element-214bebf elementor-section-boxed elementor-section-height-default elementor-section-height-default\" data-id=\"214bebf\" data-element_type=\"section\">\n\t\t\t\t\t\t<div class=\"elementor-container elementor-column-gap-default\">\n\t\t\t\t\t<div class=\"elementor-column elementor-col-100 elementor-top-column elementor-element elementor-element-d39922a\" data-id=\"d39922a\" data-element_type=\"column\">\n\t\t\t<div class=\"elementor-widget-wrap elementor-element-populated\">\n\t\t\t\t\t\t<div class=\"elementor-element elementor-element-8bf8e4d elementor-widget elementor-widget-text-editor\" data-id=\"8bf8e4d\" data-element_type=\"widget\" data-widget_type=\"text-editor.default\">\n\t\t\t\t<div class=\"elementor-widget-container\">\n\t\t\t\t\t\t\t\t\t<p><strong>V na\u0161\u00ed restauraci V\u00e1m nab\u00edz\u00edme tradi\u010dn\u00ed \u010deskou kuchyni dopln\u011bnou o \u017e\u00e1dan\u00e9 ryby, pizzy, z\u00e1kusky, n\u011bco mal\u00e9ho k pivu \u010di v\u00ednu. Sortiment je obm\u011b\u0148ov\u00e1n ka\u017ed\u00fd t\u00fdden, aktu\u00e1ln\u00ed menu m\u016f\u017eete sledovat na na\u0161i facebookov\u00fdch str\u00e1nk\u00e1ch.<\/strong><\/p><p>Sou\u010d\u00e1st\u00ed penzionu je stylov\u00e1 restaurace \u00a0s bezbari\u00e9rov\u00fdm p\u0159\u00edstupem. V zim\u011b se m\u016f\u017eete zah\u0159\u00e1t u krbu nebo naopak v l\u00e9t\u011b vychutnat p\u0159\u00edjemn\u00e9 posezen\u00ed na obsluhovan\u00e9 terase pod hr\u00e1z\u00ed rybn\u00edka. Kapacita restaurace je 45 osob.<\/p><p>V restauraci V\u00e1m nab\u00edz\u00edme \u0161irok\u00fd sortiment n\u00e1poj\u016f a pokrm\u016f.<\/p><p>Pl\u00e1nujete rodinnou oslavu nebo firemn\u00ed ve\u010d\u00edrek ?\u00a0<\/p><div><div>Pro individu\u00e1ln\u00ed nab\u00eddku s cenovou kalkulac\u00ed n\u00e1s nev\u00e1hejte kontaktovat na tel.\u010d\u00edsle <b>+420 731 904 888<\/b><\/div><div><b>\u00a0<\/b><\/div><div><strong>Otev\u00edrac\u00ed doba:<\/strong><\/div><div><p>Pond\u011bl\u00ed\u00a0 \u00a0 \u00a016:00 &#8211; 21:00<\/p><p>\u00dater\u00fd\u00a0 \u00a0 \u00a0 \u00a0 16:00 &#8211; 21:00<\/p><p>St\u0159eda\u00a0 \u00a0 \u00a0 \u00a016:00 &#8211; 21:00<\/p><p>\u010ctvrtek\u00a0 \u00a0 \u00a0 16:00 &#8211; 21:00<\/p><p>P\u00e1tek\u00a0 \u00a0 \u00a0 \u00a0 \u00a012:00 &#8211; 22:00<\/p><p>Sobota \u00a0 \u00a0 \u00a0 12:00 &#8211; 22:00<\/p><p>Ned\u011ble \u00a0 \u00a0 \u00a0 12:00 &#8211; 21:00<\/p><\/div><\/div>\t\t\t\t\t\t\t\t<\/div>\n\t\t\t\t<\/div>\n\t\t\t\t<div class=\"elementor-element elementor-element-915a285 elementor-widget elementor-widget-image-gallery\" data-id=\"915a285\" data-element_type=\"widget\" data-widget_type=\"image-gallery.default\">\n\t\t\t\t<div class=\"elementor-widget-container\">\n\t\t\t\t\t\t\t<div class=\"elementor-image-gallery\">\n\t\t\t<div id='gallery-1' class='gallery galleryid-286 gallery-columns-4 gallery-size-medium_large'><figure class='gallery-item'>\n\t\t\t<div class='gallery-icon landscape'>\n\t\t\t\t<a data-elementor-open-lightbox=\"yes\" data-elementor-lightbox-slideshow=\"915a285\" data-elementor-lightbox-title=\"_MG_4424-b\" data-e-action-hash=\"#elementor-action%3Aaction%3Dlightbox%26settings%3DeyJpZCI6MTc3LCJ1cmwiOiJodHRwczpcL1wvYmFjYWxza3ktbWx5bi5jelwvd3AtY29udGVudFwvdXBsb2Fkc1wvMjAyMFwvMDlcL01HXzQ0MjQtYi5qcGciLCJzbGlkZXNob3ciOiI5MTVhMjg1In0%3D\" href='https:\/\/bacalsky-mlyn.cz\/wp-content\/uploads\/2020\/09\/MG_4424-b.jpg'><img fetchpriority=\"high\" decoding=\"async\" width=\"768\" height=\"512\" src=\"https:\/\/bacalsky-mlyn.cz\/wp-content\/uploads\/2020\/09\/MG_4424-b-768x512.jpg\" class=\"attachment-medium_large size-medium_large\" alt=\"\" srcset=\"https:\/\/bacalsky-mlyn.cz\/wp-content\/uploads\/2020\/09\/MG_4424-b-768x512.jpg 768w, https:\/\/bacalsky-mlyn.cz\/wp-content\/uploads\/2020\/09\/MG_4424-b-300x200.jpg 300w, https:\/\/bacalsky-mlyn.cz\/wp-content\/uploads\/2020\/09\/MG_4424-b-1024x682.jpg 1024w, https:\/\/bacalsky-mlyn.cz\/wp-content\/uploads\/2020\/09\/MG_4424-b-1920x1280.jpg 1920w, https:\/\/bacalsky-mlyn.cz\/wp-content\/uploads\/2020\/09\/MG_4424-b-850x567.jpg 850w, https:\/\/bacalsky-mlyn.cz\/wp-content\/uploads\/2020\/09\/MG_4424-b.jpg 2000w\" sizes=\"(max-width: 768px) 100vw, 768px\" \/><\/a>\n\t\t\t<\/div><\/figure><figure class='gallery-item'>\n\t\t\t<div class='gallery-icon landscape'>\n\t\t\t\t<a data-elementor-open-lightbox=\"yes\" data-elementor-lightbox-slideshow=\"915a285\" data-elementor-lightbox-title=\"_MG_4414-b\" data-e-action-hash=\"#elementor-action%3Aaction%3Dlightbox%26settings%3DeyJpZCI6MTc2LCJ1cmwiOiJodHRwczpcL1wvYmFjYWxza3ktbWx5bi5jelwvd3AtY29udGVudFwvdXBsb2Fkc1wvMjAyMFwvMDlcL01HXzQ0MTQtYi5qcGciLCJzbGlkZXNob3ciOiI5MTVhMjg1In0%3D\" href='https:\/\/bacalsky-mlyn.cz\/wp-content\/uploads\/2020\/09\/MG_4414-b.jpg'><img decoding=\"async\" width=\"768\" height=\"512\" src=\"https:\/\/bacalsky-mlyn.cz\/wp-content\/uploads\/2020\/09\/MG_4414-b-768x512.jpg\" class=\"attachment-medium_large size-medium_large\" alt=\"\" srcset=\"https:\/\/bacalsky-mlyn.cz\/wp-content\/uploads\/2020\/09\/MG_4414-b-768x512.jpg 768w, https:\/\/bacalsky-mlyn.cz\/wp-content\/uploads\/2020\/09\/MG_4414-b-300x200.jpg 300w, https:\/\/bacalsky-mlyn.cz\/wp-content\/uploads\/2020\/09\/MG_4414-b-1024x682.jpg 1024w, https:\/\/bacalsky-mlyn.cz\/wp-content\/uploads\/2020\/09\/MG_4414-b-1920x1280.jpg 1920w, https:\/\/bacalsky-mlyn.cz\/wp-content\/uploads\/2020\/09\/MG_4414-b-850x567.jpg 850w, https:\/\/bacalsky-mlyn.cz\/wp-content\/uploads\/2020\/09\/MG_4414-b.jpg 2000w\" sizes=\"(max-width: 768px) 100vw, 768px\" \/><\/a>\n\t\t\t<\/div><\/figure><figure class='gallery-item'>\n\t\t\t<div class='gallery-icon landscape'>\n\t\t\t\t<a data-elementor-open-lightbox=\"yes\" data-elementor-lightbox-slideshow=\"915a285\" data-elementor-lightbox-title=\"_MG_4431-b\" data-e-action-hash=\"#elementor-action%3Aaction%3Dlightbox%26settings%3DeyJpZCI6MTc4LCJ1cmwiOiJodHRwczpcL1wvYmFjYWxza3ktbWx5bi5jelwvd3AtY29udGVudFwvdXBsb2Fkc1wvMjAyMFwvMDlcL01HXzQ0MzEtYi5qcGciLCJzbGlkZXNob3ciOiI5MTVhMjg1In0%3D\" href='https:\/\/bacalsky-mlyn.cz\/wp-content\/uploads\/2020\/09\/MG_4431-b.jpg'><img decoding=\"async\" width=\"768\" height=\"512\" src=\"https:\/\/bacalsky-mlyn.cz\/wp-content\/uploads\/2020\/09\/MG_4431-b-768x512.jpg\" class=\"attachment-medium_large size-medium_large\" alt=\"\" srcset=\"https:\/\/bacalsky-mlyn.cz\/wp-content\/uploads\/2020\/09\/MG_4431-b-768x512.jpg 768w, https:\/\/bacalsky-mlyn.cz\/wp-content\/uploads\/2020\/09\/MG_4431-b-300x200.jpg 300w, https:\/\/bacalsky-mlyn.cz\/wp-content\/uploads\/2020\/09\/MG_4431-b-1024x682.jpg 1024w, https:\/\/bacalsky-mlyn.cz\/wp-content\/uploads\/2020\/09\/MG_4431-b-1920x1280.jpg 1920w, https:\/\/bacalsky-mlyn.cz\/wp-content\/uploads\/2020\/09\/MG_4431-b-850x567.jpg 850w, https:\/\/bacalsky-mlyn.cz\/wp-content\/uploads\/2020\/09\/MG_4431-b.jpg 2000w\" sizes=\"(max-width: 768px) 100vw, 768px\" \/><\/a>\n\t\t\t<\/div><\/figure><figure class='gallery-item'>\n\t\t\t<div class='gallery-icon landscape'>\n\t\t\t\t<a data-elementor-open-lightbox=\"yes\" data-elementor-lightbox-slideshow=\"915a285\" data-elementor-lightbox-title=\"_MG_4443-c\" data-e-action-hash=\"#elementor-action%3Aaction%3Dlightbox%26settings%3DeyJpZCI6MTgwLCJ1cmwiOiJodHRwczpcL1wvYmFjYWxza3ktbWx5bi5jelwvd3AtY29udGVudFwvdXBsb2Fkc1wvMjAyMFwvMDlcL01HXzQ0NDMtYy5qcGciLCJzbGlkZXNob3ciOiI5MTVhMjg1In0%3D\" href='https:\/\/bacalsky-mlyn.cz\/wp-content\/uploads\/2020\/09\/MG_4443-c.jpg'><img loading=\"lazy\" decoding=\"async\" width=\"768\" height=\"512\" src=\"https:\/\/bacalsky-mlyn.cz\/wp-content\/uploads\/2020\/09\/MG_4443-c-768x512.jpg\" class=\"attachment-medium_large size-medium_large\" alt=\"\" srcset=\"https:\/\/bacalsky-mlyn.cz\/wp-content\/uploads\/2020\/09\/MG_4443-c-768x512.jpg 768w, https:\/\/bacalsky-mlyn.cz\/wp-content\/uploads\/2020\/09\/MG_4443-c-300x200.jpg 300w, https:\/\/bacalsky-mlyn.cz\/wp-content\/uploads\/2020\/09\/MG_4443-c-1024x682.jpg 1024w, https:\/\/bacalsky-mlyn.cz\/wp-content\/uploads\/2020\/09\/MG_4443-c-1920x1280.jpg 1920w, https:\/\/bacalsky-mlyn.cz\/wp-content\/uploads\/2020\/09\/MG_4443-c-850x567.jpg 850w, https:\/\/bacalsky-mlyn.cz\/wp-content\/uploads\/2020\/09\/MG_4443-c.jpg 2000w\" sizes=\"(max-width: 768px) 100vw, 768px\" \/><\/a>\n\t\t\t<\/div><\/figure>\n\t\t<\/div>\n\t\t<\/div>\n\t\t\t\t\t\t<\/div>\n\t\t\t\t<\/div>\n\t\t\t\t\t<\/div>\n\t\t<\/div>\n\t\t\t\t\t<\/div>\n\t\t<\/section>\n\t\t\t\t<section class=\"elementor-section elementor-top-section elementor-element elementor-element-a5590cc elementor-section-boxed elementor-section-height-default elementor-section-height-default\" data-id=\"a5590cc\" data-element_type=\"section\" data-settings=\"{&quot;background_background&quot;:&quot;classic&quot;,&quot;shape_divider_top&quot;:&quot;arrow&quot;}\">\n\t\t\t\t\t<div class=\"elementor-shape elementor-shape-top\" aria-hidden=\"true\" data-negative=\"false\">\n\t\t\t<svg xmlns=\"http:\/\/www.w3.org\/2000\/svg\" viewBox=\"0 0 700 10\" preserveAspectRatio=\"none\">\n\t<path class=\"elementor-shape-fill\" d=\"M350,10L340,0h20L350,10z\"\/>\n<\/svg>\t\t<\/div>\n\t\t\t\t\t<div class=\"elementor-container elementor-column-gap-default\">\n\t\t\t\t\t<div class=\"elementor-column elementor-col-100 elementor-top-column elementor-element elementor-element-633adb2\" data-id=\"633adb2\" data-element_type=\"column\">\n\t\t\t<div class=\"elementor-widget-wrap elementor-element-populated\">\n\t\t\t\t\t\t<div class=\"elementor-element elementor-element-508de86 elementor-widget elementor-widget-heading\" data-id=\"508de86\" data-element_type=\"widget\" data-widget_type=\"heading.default\">\n\t\t\t\t<div class=\"elementor-widget-container\">\n\t\t\t\t\t<h2 class=\"elementor-heading-title elementor-size-default\">Pl\u00e1nujete svatbu?<\/h2>\t\t\t\t<\/div>\n\t\t\t\t<\/div>\n\t\t\t\t<div class=\"elementor-element elementor-element-aa57e69 elementor-align-center elementor-widget elementor-widget-button\" data-id=\"aa57e69\" data-element_type=\"widget\" data-widget_type=\"button.default\">\n\t\t\t\t<div class=\"elementor-widget-container\">\n\t\t\t\t\t\t\t\t\t<div class=\"elementor-button-wrapper\">\n\t\t\t\t\t<a class=\"elementor-button elementor-button-link elementor-size-sm\" href=\"https:\/\/bacalsky-mlyn.cz\/?page_id=356\">\n\t\t\t\t\t\t<span class=\"elementor-button-content-wrapper\">\n\t\t\t\t\t\t\t\t\t<span class=\"elementor-button-text\">V\u00edce<\/span>\n\t\t\t\t\t<\/span>\n\t\t\t\t\t<\/a>\n\t\t\t\t<\/div>\n\t\t\t\t\t\t\t\t<\/div>\n\t\t\t\t<\/div>\n\t\t\t\t\t<\/div>\n\t\t<\/div>\n\t\t\t\t\t<\/div>\n\t\t<\/section>\n\t\t\t\t<section class=\"elementor-section elementor-top-section elementor-element elementor-element-4e042ebc elementor-section-boxed elementor-section-height-default elementor-section-height-default\" data-id=\"4e042ebc\" data-element_type=\"section\" data-settings=\"{&quot;background_background&quot;:&quot;classic&quot;}\">\n\t\t\t\t\t\t<div class=\"elementor-container elementor-column-gap-default\">\n\t\t\t\t\t<div class=\"elementor-column elementor-col-33 elementor-top-column elementor-element elementor-element-68827540\" data-id=\"68827540\" data-element_type=\"column\">\n\t\t\t<div class=\"elementor-widget-wrap elementor-element-populated\">\n\t\t\t\t\t\t<div class=\"elementor-element elementor-element-2c6a5662 elementor-widget elementor-widget-heading\" data-id=\"2c6a5662\" data-element_type=\"widget\" data-widget_type=\"heading.default\">\n\t\t\t\t<div class=\"elementor-widget-container\">\n\t\t\t\t\t<h2 class=\"elementor-heading-title elementor-size-default\">Otev\u00edrac\u00ed doba:<\/h2>\t\t\t\t<\/div>\n\t\t\t\t<\/div>\n\t\t\t\t<div class=\"elementor-element elementor-element-c1505fb elementor-widget elementor-widget-text-editor\" data-id=\"c1505fb\" data-element_type=\"widget\" data-widget_type=\"text-editor.default\">\n\t\t\t\t<div class=\"elementor-widget-container\">\n\t\t\t\t\t\t\t\t\t<p>Otev\u00edrac\u00ed doba restaurace<\/p><p>Po &#8211; \u010ct: 16:00 &#8211; 21:00<\/p><p>P\u00e1 &#8211; So: 12:00 &#8211; 22:00<\/p><p>Ne: 12:00 &#8211; 21:00<\/p><p><b>Check\u00a0in\u00a0 16:00\u00a0&#8211;\u00a020:00<\/b><\/p><p><b>Check out\u00a0 11:00<\/b><\/p>\t\t\t\t\t\t\t\t<\/div>\n\t\t\t\t<\/div>\n\t\t\t\t\t<\/div>\n\t\t<\/div>\n\t\t\t\t<div class=\"elementor-column elementor-col-33 elementor-top-column elementor-element elementor-element-64ce7427\" data-id=\"64ce7427\" data-element_type=\"column\">\n\t\t\t<div class=\"elementor-widget-wrap elementor-element-populated\">\n\t\t\t\t\t\t<div class=\"elementor-element elementor-element-784386e9 elementor-widget elementor-widget-heading\" data-id=\"784386e9\" data-element_type=\"widget\" data-widget_type=\"heading.default\">\n\t\t\t\t<div class=\"elementor-widget-container\">\n\t\t\t\t\t<h2 class=\"elementor-heading-title elementor-size-default\">Kontakty:<\/h2>\t\t\t\t<\/div>\n\t\t\t\t<\/div>\n\t\t\t\t<div class=\"elementor-element elementor-element-4da0fbc6 elementor-widget elementor-widget-text-editor\" data-id=\"4da0fbc6\" data-element_type=\"widget\" data-widget_type=\"text-editor.default\">\n\t\t\t\t<div class=\"elementor-widget-container\">\n\t\t\t\t\t\t\t\t\tPenzion Ba\u010dalsk\u00fd ml\u00fdn s.r.o.\n\nMoravice 63\n\n53802 Mora\u0161ice\n\nI\u010c: \u00a009044973\n\nEmail: <a href=\"mailto:info@bacalsky-mlyn.cz\">info@bacalsky-mlyn.cz<\/a>\n\nTelefon: <a href=\"tel:+420731904888\">+420 731 904 888<\/a>\t\t\t\t\t\t\t\t<\/div>\n\t\t\t\t<\/div>\n\t\t\t\t\t<\/div>\n\t\t<\/div>\n\t\t\t\t<div class=\"elementor-column elementor-col-33 elementor-top-column elementor-element elementor-element-b737d49\" data-id=\"b737d49\" data-element_type=\"column\">\n\t\t\t<div class=\"elementor-widget-wrap elementor-element-populated\">\n\t\t\t\t\t\t<div class=\"elementor-element elementor-element-d9d5b68 elementor-widget elementor-widget-google_maps\" data-id=\"d9d5b68\" data-element_type=\"widget\" data-widget_type=\"google_maps.default\">\n\t\t\t\t<div class=\"elementor-widget-container\">\n\t\t\t\t\t\t\t<div class=\"elementor-custom-embed\">\n\t\t\t<iframe loading=\"lazy\"\n\t\t\t\t\tsrc=\"https:\/\/maps.google.com\/maps?q=Ba%C4%8Dalsk%C3%BD%20ml%C3%BDn&#038;t=m&#038;z=10&#038;output=embed&#038;iwloc=near\"\n\t\t\t\t\ttitle=\"Ba\u010dalsk\u00fd ml\u00fdn\"\n\t\t\t\t\taria-label=\"Ba\u010dalsk\u00fd ml\u00fdn\"\n\t\t\t><\/iframe>\n\t\t<\/div>\n\t\t\t\t\t\t<\/div>\n\t\t\t\t<\/div>\n\t\t\t\t\t<\/div>\n\t\t<\/div>\n\t\t\t\t\t<\/div>\n\t\t<\/section>\n\t\t\t\t<\/div>\n\t\t","protected":false},"excerpt":{"rendered":"<p>Restaurace Stylov\u00e1 restaurace p\u0159\u00edmo v penzionu \u00a0 V na\u0161\u00ed restauraci V\u00e1m nab\u00edz\u00edme tradi\u010dn\u00ed \u010deskou kuchyni dopln\u011bnou o \u017e\u00e1dan\u00e9 ryby, pizzy, z\u00e1kusky, n\u011bco mal\u00e9ho k pivu \u010di v\u00ednu. Sortiment je obm\u011b\u0148ov\u00e1n ka\u017ed\u00fd t\u00fdden, aktu\u00e1ln\u00ed menu m\u016f\u017eete sledovat na na\u0161i facebookov\u00fdch str\u00e1nk\u00e1ch. Sou\u010d\u00e1st\u00ed penzionu je stylov\u00e1 restaurace \u00a0s bezbari\u00e9rov\u00fdm p\u0159\u00edstupem. V zim\u011b se m\u016f\u017eete zah\u0159\u00e1t u krbu&hellip;<\/p>\n","protected":false},"author":1,"featured_media":0,"parent":0,"menu_order":0,"comment_status":"closed","ping_status":"closed","template":"","meta":{"footnotes":""},"class_list":["post-286","page","type-page","status-publish","hentry"],"_links":{"self":[{"href":"https:\/\/bacalsky-mlyn.cz\/index.php?rest_route=\/wp\/v2\/pages\/286","targetHints":{"allow":["GET"]}}],"collection":[{"href":"https:\/\/bacalsky-mlyn.cz\/index.php?rest_route=\/wp\/v2\/pages"}],"about":[{"href":"https:\/\/bacalsky-mlyn.cz\/index.php?rest_route=\/wp\/v2\/types\/page"}],"author":[{"embeddable":true,"href":"https:\/\/bacalsky-mlyn.cz\/index.php?rest_route=\/wp\/v2\/users\/1"}],"replies":[{"embeddable":true,"href":"https:\/\/bacalsky-mlyn.cz\/index.php?rest_route=%2Fwp%2Fv2%2Fcomments&post=286"}],"version-history":[{"count":51,"href":"https:\/\/bacalsky-mlyn.cz\/index.php?rest_route=\/wp\/v2\/pages\/286\/revisions"}],"predecessor-version":[{"id":2140,"href":"https:\/\/bacalsky-mlyn.cz\/index.php?rest_route=\/wp\/v2\/pages\/286\/revisions\/2140"}],"wp:attachment":[{"href":"https:\/\/bacalsky-mlyn.cz\/index.php?rest_route=%2Fwp%2Fv2%2Fmedia&parent=286"}],"curies":[{"name":"wp","href":"https:\/\/api.w.org\/{rel}","templated":true}]}}