{"id":541,"date":"2021-10-08T09:18:59","date_gmt":"2021-10-08T07:18:59","guid":{"rendered":"https:\/\/bacalsky-mlyn.cz\/?page_id=541"},"modified":"2026-02-23T16:57:14","modified_gmt":"2026-02-23T15:57:14","slug":"historie-2","status":"publish","type":"page","link":"https:\/\/bacalsky-mlyn.cz\/?page_id=541","title":{"rendered":"\u0160kolen\u00ed a konference"},"content":{"rendered":"\t\t<div data-elementor-type=\"wp-post\" data-elementor-id=\"541\" class=\"elementor elementor-541\">\n\t\t\t\t\t\t<section class=\"elementor-section elementor-top-section elementor-element elementor-element-fed4d28 elementor-section-boxed elementor-section-height-default elementor-section-height-default\" data-id=\"fed4d28\" data-element_type=\"section\" data-settings=\"{&quot;background_background&quot;:&quot;classic&quot;}\">\n\t\t\t\t\t\t\t<div class=\"elementor-background-overlay\"><\/div>\n\t\t\t\t\t\t\t<div class=\"elementor-container elementor-column-gap-default\">\n\t\t\t\t\t<div class=\"elementor-column elementor-col-100 elementor-top-column elementor-element elementor-element-d9501b7\" data-id=\"d9501b7\" data-element_type=\"column\">\n\t\t\t<div class=\"elementor-widget-wrap elementor-element-populated\">\n\t\t\t\t\t\t<div class=\"elementor-element elementor-element-435d912 elementor-widget elementor-widget-heading\" data-id=\"435d912\" data-element_type=\"widget\" data-widget_type=\"heading.default\">\n\t\t\t\t<div class=\"elementor-widget-container\">\n\t\t\t\t\t<h2 class=\"elementor-heading-title elementor-size-default\">Konference<\/h2>\t\t\t\t<\/div>\n\t\t\t\t<\/div>\n\t\t\t\t<div class=\"elementor-element elementor-element-0b4b1d9 elementor-widget elementor-widget-text-editor\" data-id=\"0b4b1d9\" data-element_type=\"widget\" data-widget_type=\"text-editor.default\">\n\t\t\t\t<div class=\"elementor-widget-container\">\n\t\t\t\t\t\t\t\t\t<p>Z\u00e1zem\u00ed pro Va\u0161e firemn\u00ed akce<\/p>\t\t\t\t\t\t\t\t<\/div>\n\t\t\t\t<\/div>\n\t\t\t\t\t<\/div>\n\t\t<\/div>\n\t\t\t\t\t<\/div>\n\t\t<\/section>\n\t\t\t\t<section class=\"elementor-section elementor-top-section elementor-element elementor-element-7dedd2ce elementor-section-boxed elementor-section-height-default elementor-section-height-default\" data-id=\"7dedd2ce\" data-element_type=\"section\">\n\t\t\t\t\t\t<div class=\"elementor-container elementor-column-gap-default\">\n\t\t\t\t\t<div class=\"elementor-column elementor-col-100 elementor-top-column elementor-element elementor-element-660e78df\" data-id=\"660e78df\" data-element_type=\"column\">\n\t\t\t<div class=\"elementor-widget-wrap elementor-element-populated\">\n\t\t\t\t\t\t<div class=\"elementor-element elementor-element-744a7750 elementor-widget elementor-widget-heading\" data-id=\"744a7750\" data-element_type=\"widget\" data-widget_type=\"heading.default\">\n\t\t\t\t<div class=\"elementor-widget-container\">\n\t\t\t\t\t<h2 class=\"elementor-heading-title elementor-size-default\">Konferen\u010dn\u00ed s\u00e1l<\/h2>\t\t\t\t<\/div>\n\t\t\t\t<\/div>\n\t\t\t\t<div class=\"elementor-element elementor-element-3de08f01 elementor-widget elementor-widget-text-editor\" data-id=\"3de08f01\" data-element_type=\"widget\" data-widget_type=\"text-editor.default\">\n\t\t\t\t<div class=\"elementor-widget-container\">\n\t\t\t\t\t\t\t\t\t<p>Hled\u00e1te m\u00edsto pro po\u0159\u00e1d\u00e1n\u00ed \u0161kolen\u00ed, strategick\u00fdch meeting\u016f, team bulding\u016f, nebo t\u0159eba workshopu? Tak jste pr\u00e1v\u011b na\u0161li..<\/p>\t\t\t\t\t\t\t\t<\/div>\n\t\t\t\t<\/div>\n\t\t\t\t<section class=\"elementor-section elementor-inner-section elementor-element elementor-element-617dbcfd elementor-section-boxed elementor-section-height-default elementor-section-height-default\" data-id=\"617dbcfd\" data-element_type=\"section\">\n\t\t\t\t\t\t<div class=\"elementor-container elementor-column-gap-default\">\n\t\t\t\t\t<div class=\"elementor-column elementor-col-50 elementor-inner-column elementor-element elementor-element-7b13bad1\" data-id=\"7b13bad1\" data-element_type=\"column\">\n\t\t\t<div class=\"elementor-widget-wrap elementor-element-populated\">\n\t\t\t\t\t\t<div class=\"elementor-element elementor-element-5fcd66af elementor-widget elementor-widget-image\" data-id=\"5fcd66af\" data-element_type=\"widget\" data-widget_type=\"image.default\">\n\t\t\t\t<div class=\"elementor-widget-container\">\n\t\t\t\t\t\t\t\t\t\t\t\t\t\t\t<img fetchpriority=\"high\" decoding=\"async\" width=\"768\" height=\"1024\" src=\"https:\/\/bacalsky-mlyn.cz\/wp-content\/uploads\/2021\/10\/U\u010cEBNA-1-768x1024.jpg\" class=\"attachment-large size-large wp-image-531\" alt=\"\" srcset=\"https:\/\/bacalsky-mlyn.cz\/wp-content\/uploads\/2021\/10\/U\u010cEBNA-1-768x1024.jpg 768w, https:\/\/bacalsky-mlyn.cz\/wp-content\/uploads\/2021\/10\/U\u010cEBNA-1-225x300.jpg 225w, https:\/\/bacalsky-mlyn.cz\/wp-content\/uploads\/2021\/10\/U\u010cEBNA-1-850x1133.jpg 850w, https:\/\/bacalsky-mlyn.cz\/wp-content\/uploads\/2021\/10\/U\u010cEBNA-1.jpg 900w\" sizes=\"(max-width: 768px) 100vw, 768px\" \/>\t\t\t\t\t\t\t\t\t\t\t\t\t\t\t<\/div>\n\t\t\t\t<\/div>\n\t\t\t\t\t<\/div>\n\t\t<\/div>\n\t\t\t\t<div class=\"elementor-column elementor-col-50 elementor-inner-column elementor-element elementor-element-3affec9b\" data-id=\"3affec9b\" data-element_type=\"column\">\n\t\t\t<div class=\"elementor-widget-wrap elementor-element-populated\">\n\t\t\t\t\t\t<div class=\"elementor-element elementor-element-4d0f6472 elementor-widget elementor-widget-image\" data-id=\"4d0f6472\" data-element_type=\"widget\" data-widget_type=\"image.default\">\n\t\t\t\t<div class=\"elementor-widget-container\">\n\t\t\t\t\t\t\t\t\t\t\t\t\t\t\t<img decoding=\"async\" width=\"830\" height=\"550\" src=\"https:\/\/bacalsky-mlyn.cz\/wp-content\/uploads\/2025\/10\/DSC_0021-kopie-1024x678.jpg\" class=\"attachment-large size-large wp-image-2202\" alt=\"\" srcset=\"https:\/\/bacalsky-mlyn.cz\/wp-content\/uploads\/2025\/10\/DSC_0021-kopie-1024x678.jpg 1024w, https:\/\/bacalsky-mlyn.cz\/wp-content\/uploads\/2025\/10\/DSC_0021-kopie-300x199.jpg 300w, https:\/\/bacalsky-mlyn.cz\/wp-content\/uploads\/2025\/10\/DSC_0021-kopie-768x508.jpg 768w, https:\/\/bacalsky-mlyn.cz\/wp-content\/uploads\/2025\/10\/DSC_0021-kopie-1536x1016.jpg 1536w, https:\/\/bacalsky-mlyn.cz\/wp-content\/uploads\/2025\/10\/DSC_0021-kopie-2048x1355.jpg 2048w, https:\/\/bacalsky-mlyn.cz\/wp-content\/uploads\/2025\/10\/DSC_0021-kopie-1920x1271.jpg 1920w, https:\/\/bacalsky-mlyn.cz\/wp-content\/uploads\/2025\/10\/DSC_0021-kopie-850x563.jpg 850w\" sizes=\"(max-width: 830px) 100vw, 830px\" \/>\t\t\t\t\t\t\t\t\t\t\t\t\t\t\t<\/div>\n\t\t\t\t<\/div>\n\t\t\t\t\t<\/div>\n\t\t<\/div>\n\t\t\t\t\t<\/div>\n\t\t<\/section>\n\t\t\t\t<div class=\"elementor-element elementor-element-78c5ca04 elementor-widget elementor-widget-text-editor\" data-id=\"78c5ca04\" data-element_type=\"widget\" data-widget_type=\"text-editor.default\">\n\t\t\t\t<div class=\"elementor-widget-container\">\n\t\t\t\t\t\t\t\t\t<p>Firemn\u00ed akce, kde se v\u00e1\u0161 t\u00fdm stmel\u00ed, d\u00edky kombinaci pr\u00e1ce a odpo\u010dinku v p\u0159\u00edrod\u011b.<\/p>\t\t\t\t\t\t\t\t<\/div>\n\t\t\t\t<\/div>\n\t\t\t\t<section class=\"elementor-section elementor-inner-section elementor-element elementor-element-4867c2eb elementor-section-boxed elementor-section-height-default elementor-section-height-default\" data-id=\"4867c2eb\" data-element_type=\"section\">\n\t\t\t\t\t\t<div class=\"elementor-container elementor-column-gap-default\">\n\t\t\t\t\t<div class=\"elementor-column elementor-col-50 elementor-inner-column elementor-element elementor-element-5f0f614b\" data-id=\"5f0f614b\" data-element_type=\"column\">\n\t\t\t<div class=\"elementor-widget-wrap elementor-element-populated\">\n\t\t\t\t\t\t<div class=\"elementor-element elementor-element-64fbb9fb elementor-widget elementor-widget-image\" data-id=\"64fbb9fb\" data-element_type=\"widget\" data-widget_type=\"image.default\">\n\t\t\t\t<div class=\"elementor-widget-container\">\n\t\t\t\t\t\t\t\t\t\t\t\t\t\t\t<img decoding=\"async\" width=\"830\" height=\"554\" src=\"https:\/\/bacalsky-mlyn.cz\/wp-content\/uploads\/2025\/10\/DSC_0015-kopie-1024x684.jpg\" class=\"attachment-large size-large wp-image-2205\" alt=\"\" srcset=\"https:\/\/bacalsky-mlyn.cz\/wp-content\/uploads\/2025\/10\/DSC_0015-kopie-1024x684.jpg 1024w, https:\/\/bacalsky-mlyn.cz\/wp-content\/uploads\/2025\/10\/DSC_0015-kopie-300x200.jpg 300w, https:\/\/bacalsky-mlyn.cz\/wp-content\/uploads\/2025\/10\/DSC_0015-kopie-768x513.jpg 768w, https:\/\/bacalsky-mlyn.cz\/wp-content\/uploads\/2025\/10\/DSC_0015-kopie-1536x1026.jpg 1536w, https:\/\/bacalsky-mlyn.cz\/wp-content\/uploads\/2025\/10\/DSC_0015-kopie-2048x1367.jpg 2048w, https:\/\/bacalsky-mlyn.cz\/wp-content\/uploads\/2025\/10\/DSC_0015-kopie-1920x1282.jpg 1920w, https:\/\/bacalsky-mlyn.cz\/wp-content\/uploads\/2025\/10\/DSC_0015-kopie-850x568.jpg 850w\" sizes=\"(max-width: 830px) 100vw, 830px\" \/>\t\t\t\t\t\t\t\t\t\t\t\t\t\t\t<\/div>\n\t\t\t\t<\/div>\n\t\t\t\t\t<\/div>\n\t\t<\/div>\n\t\t\t\t<div class=\"elementor-column elementor-col-50 elementor-inner-column elementor-element elementor-element-2151f311\" data-id=\"2151f311\" data-element_type=\"column\">\n\t\t\t<div class=\"elementor-widget-wrap elementor-element-populated\">\n\t\t\t\t\t\t<div class=\"elementor-element elementor-element-4271f6c5 elementor-widget elementor-widget-image\" data-id=\"4271f6c5\" data-element_type=\"widget\" data-widget_type=\"image.default\">\n\t\t\t\t<div class=\"elementor-widget-container\">\n\t\t\t\t\t\t\t\t\t\t\t\t\t\t\t<img loading=\"lazy\" decoding=\"async\" width=\"830\" height=\"554\" src=\"https:\/\/bacalsky-mlyn.cz\/wp-content\/uploads\/2025\/10\/DSC_0001-kopie-1024x684.jpg\" class=\"attachment-large size-large wp-image-2203\" alt=\"\" srcset=\"https:\/\/bacalsky-mlyn.cz\/wp-content\/uploads\/2025\/10\/DSC_0001-kopie-1024x684.jpg 1024w, https:\/\/bacalsky-mlyn.cz\/wp-content\/uploads\/2025\/10\/DSC_0001-kopie-300x200.jpg 300w, https:\/\/bacalsky-mlyn.cz\/wp-content\/uploads\/2025\/10\/DSC_0001-kopie-768x513.jpg 768w, https:\/\/bacalsky-mlyn.cz\/wp-content\/uploads\/2025\/10\/DSC_0001-kopie-1536x1025.jpg 1536w, https:\/\/bacalsky-mlyn.cz\/wp-content\/uploads\/2025\/10\/DSC_0001-kopie-2048x1367.jpg 2048w, https:\/\/bacalsky-mlyn.cz\/wp-content\/uploads\/2025\/10\/DSC_0001-kopie-1920x1282.jpg 1920w, https:\/\/bacalsky-mlyn.cz\/wp-content\/uploads\/2025\/10\/DSC_0001-kopie-850x567.jpg 850w\" sizes=\"(max-width: 830px) 100vw, 830px\" \/>\t\t\t\t\t\t\t\t\t\t\t\t\t\t\t<\/div>\n\t\t\t\t<\/div>\n\t\t\t\t\t<\/div>\n\t\t<\/div>\n\t\t\t\t\t<\/div>\n\t\t<\/section>\n\t\t\t\t<div class=\"elementor-element elementor-element-4558ab36 elementor-widget elementor-widget-heading\" data-id=\"4558ab36\" data-element_type=\"widget\" data-widget_type=\"heading.default\">\n\t\t\t\t<div class=\"elementor-widget-container\">\n\t\t\t\t\t<h2 class=\"elementor-heading-title elementor-size-default\">Co je v\u00e1m k dispozici?<\/h2>\t\t\t\t<\/div>\n\t\t\t\t<\/div>\n\t\t\t\t<div class=\"elementor-element elementor-element-4cfb1fa2 elementor-icon-list--layout-traditional elementor-list-item-link-full_width elementor-widget elementor-widget-icon-list\" data-id=\"4cfb1fa2\" data-element_type=\"widget\" data-widget_type=\"icon-list.default\">\n\t\t\t\t<div class=\"elementor-widget-container\">\n\t\t\t\t\t\t\t<ul class=\"elementor-icon-list-items\">\n\t\t\t\t\t\t\t<li class=\"elementor-icon-list-item\">\n\t\t\t\t\t\t\t\t\t\t\t<span class=\"elementor-icon-list-icon\">\n\t\t\t\t\t\t\t<svg aria-hidden=\"true\" class=\"e-font-icon-svg e-fas-check\" viewBox=\"0 0 512 512\" xmlns=\"http:\/\/www.w3.org\/2000\/svg\"><path d=\"M173.898 439.404l-166.4-166.4c-9.997-9.997-9.997-26.206 0-36.204l36.203-36.204c9.997-9.998 26.207-9.998 36.204 0L192 312.69 432.095 72.596c9.997-9.997 26.207-9.997 36.204 0l36.203 36.204c9.997 9.997 9.997 26.206 0 36.204l-294.4 294.401c-9.998 9.997-26.207 9.997-36.204-.001z\"><\/path><\/svg>\t\t\t\t\t\t<\/span>\n\t\t\t\t\t\t\t\t\t\t<span class=\"elementor-icon-list-text\">Coffeebreak<\/span>\n\t\t\t\t\t\t\t\t\t<\/li>\n\t\t\t\t\t\t\t\t<li class=\"elementor-icon-list-item\">\n\t\t\t\t\t\t\t\t\t\t\t<span class=\"elementor-icon-list-icon\">\n\t\t\t\t\t\t\t<svg aria-hidden=\"true\" class=\"e-font-icon-svg e-fas-check\" viewBox=\"0 0 512 512\" xmlns=\"http:\/\/www.w3.org\/2000\/svg\"><path d=\"M173.898 439.404l-166.4-166.4c-9.997-9.997-9.997-26.206 0-36.204l36.203-36.204c9.997-9.998 26.207-9.998 36.204 0L192 312.69 432.095 72.596c9.997-9.997 26.207-9.997 36.204 0l36.203 36.204c9.997 9.997 9.997 26.206 0 36.204l-294.4 294.401c-9.998 9.997-26.207 9.997-36.204-.001z\"><\/path><\/svg>\t\t\t\t\t\t<\/span>\n\t\t\t\t\t\t\t\t\t\t<span class=\"elementor-icon-list-text\">Velkoplo\u0161n\u00e1 obrazovka s napojen\u00edm na v\u00e1\u0161 notebook<\/span>\n\t\t\t\t\t\t\t\t\t<\/li>\n\t\t\t\t\t\t\t\t<li class=\"elementor-icon-list-item\">\n\t\t\t\t\t\t\t\t\t\t\t<a href=\"http:\/\/Tabule%20na%20fixy\">\n\n\t\t\t\t\t\t\t\t\t\t\t\t<span class=\"elementor-icon-list-icon\">\n\t\t\t\t\t\t\t<svg aria-hidden=\"true\" class=\"e-font-icon-svg e-fas-check\" viewBox=\"0 0 512 512\" xmlns=\"http:\/\/www.w3.org\/2000\/svg\"><path d=\"M173.898 439.404l-166.4-166.4c-9.997-9.997-9.997-26.206 0-36.204l36.203-36.204c9.997-9.998 26.207-9.998 36.204 0L192 312.69 432.095 72.596c9.997-9.997 26.207-9.997 36.204 0l36.203 36.204c9.997 9.997 9.997 26.206 0 36.204l-294.4 294.401c-9.998 9.997-26.207 9.997-36.204-.001z\"><\/path><\/svg>\t\t\t\t\t\t<\/span>\n\t\t\t\t\t\t\t\t\t\t<span class=\"elementor-icon-list-text\">B\u00edl\u00e1 tabule <\/span>\n\t\t\t\t\t\t\t\t\t\t\t<\/a>\n\t\t\t\t\t\t\t\t\t<\/li>\n\t\t\t\t\t\t\t\t<li class=\"elementor-icon-list-item\">\n\t\t\t\t\t\t\t\t\t\t\t<span class=\"elementor-icon-list-icon\">\n\t\t\t\t\t\t\t<svg aria-hidden=\"true\" class=\"e-font-icon-svg e-fas-check\" viewBox=\"0 0 512 512\" xmlns=\"http:\/\/www.w3.org\/2000\/svg\"><path d=\"M173.898 439.404l-166.4-166.4c-9.997-9.997-9.997-26.206 0-36.204l36.203-36.204c9.997-9.998 26.207-9.998 36.204 0L192 312.69 432.095 72.596c9.997-9.997 26.207-9.997 36.204 0l36.203 36.204c9.997 9.997 9.997 26.206 0 36.204l-294.4 294.401c-9.998 9.997-26.207 9.997-36.204-.001z\"><\/path><\/svg>\t\t\t\t\t\t<\/span>\n\t\t\t\t\t\t\t\t\t\t<span class=\"elementor-icon-list-text\">Dostatek parkovac\u00edch m\u00edst<\/span>\n\t\t\t\t\t\t\t\t\t<\/li>\n\t\t\t\t\t\t\t\t<li class=\"elementor-icon-list-item\">\n\t\t\t\t\t\t\t\t\t\t\t<a href=\"http:\/\/Mo\u017enost%20ubytov\u00e1n\u00ed%20\">\n\n\t\t\t\t\t\t\t\t\t\t\t\t<span class=\"elementor-icon-list-icon\">\n\t\t\t\t\t\t\t<svg aria-hidden=\"true\" class=\"e-font-icon-svg e-fas-check\" viewBox=\"0 0 512 512\" xmlns=\"http:\/\/www.w3.org\/2000\/svg\"><path d=\"M173.898 439.404l-166.4-166.4c-9.997-9.997-9.997-26.206 0-36.204l36.203-36.204c9.997-9.998 26.207-9.998 36.204 0L192 312.69 432.095 72.596c9.997-9.997 26.207-9.997 36.204 0l36.203 36.204c9.997 9.997 9.997 26.206 0 36.204l-294.4 294.401c-9.998 9.997-26.207 9.997-36.204-.001z\"><\/path><\/svg>\t\t\t\t\t\t<\/span>\n\t\t\t\t\t\t\t\t\t\t<span class=\"elementor-icon-list-text\">Mo\u017enost ubytov\u00e1n\u00ed <\/span>\n\t\t\t\t\t\t\t\t\t\t\t<\/a>\n\t\t\t\t\t\t\t\t\t<\/li>\n\t\t\t\t\t\t\t\t<li class=\"elementor-icon-list-item\">\n\t\t\t\t\t\t\t\t\t\t\t<span class=\"elementor-icon-list-icon\">\n\t\t\t\t\t\t\t<svg aria-hidden=\"true\" class=\"e-font-icon-svg e-fas-check\" viewBox=\"0 0 512 512\" xmlns=\"http:\/\/www.w3.org\/2000\/svg\"><path d=\"M173.898 439.404l-166.4-166.4c-9.997-9.997-9.997-26.206 0-36.204l36.203-36.204c9.997-9.998 26.207-9.998 36.204 0L192 312.69 432.095 72.596c9.997-9.997 26.207-9.997 36.204 0l36.203 36.204c9.997 9.997 9.997 26.206 0 36.204l-294.4 294.401c-9.998 9.997-26.207 9.997-36.204-.001z\"><\/path><\/svg>\t\t\t\t\t\t<\/span>\n\t\t\t\t\t\t\t\t\t\t<span class=\"elementor-icon-list-text\">Vyu\u017eit\u00ed venkovn\u00edho prostoru (pergola s grilem, ohni\u0161t\u011b, pozesn\u00ed, travnat\u00e1 plocha, okoln\u00ed lesy a rybn\u00edk)<\/span>\n\t\t\t\t\t\t\t\t\t<\/li>\n\t\t\t\t\t\t\t\t<li class=\"elementor-icon-list-item\">\n\t\t\t\t\t\t\t\t\t\t\t<span class=\"elementor-icon-list-icon\">\n\t\t\t\t\t\t\t<svg aria-hidden=\"true\" class=\"e-font-icon-svg e-fas-check\" viewBox=\"0 0 512 512\" xmlns=\"http:\/\/www.w3.org\/2000\/svg\"><path d=\"M173.898 439.404l-166.4-166.4c-9.997-9.997-9.997-26.206 0-36.204l36.203-36.204c9.997-9.998 26.207-9.998 36.204 0L192 312.69 432.095 72.596c9.997-9.997 26.207-9.997 36.204 0l36.203 36.204c9.997 9.997 9.997 26.206 0 36.204l-294.4 294.401c-9.998 9.997-26.207 9.997-36.204-.001z\"><\/path><\/svg>\t\t\t\t\t\t<\/span>\n\t\t\t\t\t\t\t\t\t\t<span class=\"elementor-icon-list-text\">Wellness <\/span>\n\t\t\t\t\t\t\t\t\t<\/li>\n\t\t\t\t\t\t\t\t<li class=\"elementor-icon-list-item\">\n\t\t\t\t\t\t\t\t\t\t\t<span class=\"elementor-icon-list-icon\">\n\t\t\t\t\t\t\t<svg aria-hidden=\"true\" class=\"e-font-icon-svg e-fas-check\" viewBox=\"0 0 512 512\" xmlns=\"http:\/\/www.w3.org\/2000\/svg\"><path d=\"M173.898 439.404l-166.4-166.4c-9.997-9.997-9.997-26.206 0-36.204l36.203-36.204c9.997-9.998 26.207-9.998 36.204 0L192 312.69 432.095 72.596c9.997-9.997 26.207-9.997 36.204 0l36.203 36.204c9.997 9.997 9.997 26.206 0 36.204l-294.4 294.401c-9.998 9.997-26.207 9.997-36.204-.001z\"><\/path><\/svg>\t\t\t\t\t\t<\/span>\n\t\t\t\t\t\t\t\t\t\t<span class=\"elementor-icon-list-text\">Mo\u017enost uspo\u0159\u00e1d\u00e1n\u00ed teambuldingu s programem \u0161it\u00fdm na m\u00edru va\u0161i spole\u010dnosti <\/span>\n\t\t\t\t\t\t\t\t\t<\/li>\n\t\t\t\t\t\t\t\t<li class=\"elementor-icon-list-item\">\n\t\t\t\t\t\t\t\t\t\t\t<span class=\"elementor-icon-list-icon\">\n\t\t\t\t\t\t\t<svg aria-hidden=\"true\" class=\"e-font-icon-svg e-fas-check\" viewBox=\"0 0 512 512\" xmlns=\"http:\/\/www.w3.org\/2000\/svg\"><path d=\"M173.898 439.404l-166.4-166.4c-9.997-9.997-9.997-26.206 0-36.204l36.203-36.204c9.997-9.998 26.207-9.998 36.204 0L192 312.69 432.095 72.596c9.997-9.997 26.207-9.997 36.204 0l36.203 36.204c9.997 9.997 9.997 26.206 0 36.204l-294.4 294.401c-9.998 9.997-26.207 9.997-36.204-.001z\"><\/path><\/svg>\t\t\t\t\t\t<\/span>\n\t\t\t\t\t\t\t\t\t\t<span class=\"elementor-icon-list-text\">Ide\u00e1ln\u00ed kapacita do 30 osob<\/span>\n\t\t\t\t\t\t\t\t\t<\/li>\n\t\t\t\t\t\t<\/ul>\n\t\t\t\t\t\t<\/div>\n\t\t\t\t<\/div>\n\t\t\t\t\t<\/div>\n\t\t<\/div>\n\t\t\t\t\t<\/div>\n\t\t<\/section>\n\t\t\t\t<section class=\"elementor-section elementor-top-section elementor-element elementor-element-51e38053 elementor-section-boxed elementor-section-height-default elementor-section-height-default\" data-id=\"51e38053\" data-element_type=\"section\" data-settings=\"{&quot;background_background&quot;:&quot;classic&quot;}\">\n\t\t\t\t\t\t<div class=\"elementor-container elementor-column-gap-default\">\n\t\t\t\t\t<div class=\"elementor-column elementor-col-33 elementor-top-column elementor-element elementor-element-6035b452\" data-id=\"6035b452\" data-element_type=\"column\">\n\t\t\t<div class=\"elementor-widget-wrap elementor-element-populated\">\n\t\t\t\t\t\t<div class=\"elementor-element elementor-element-75495574 elementor-widget elementor-widget-heading\" data-id=\"75495574\" data-element_type=\"widget\" data-widget_type=\"heading.default\">\n\t\t\t\t<div class=\"elementor-widget-container\">\n\t\t\t\t\t<h2 class=\"elementor-heading-title elementor-size-default\">Otev\u00edrac\u00ed doba:<\/h2>\t\t\t\t<\/div>\n\t\t\t\t<\/div>\n\t\t\t\t<div class=\"elementor-element elementor-element-4d5713b9 elementor-widget elementor-widget-text-editor\" data-id=\"4d5713b9\" data-element_type=\"widget\" data-widget_type=\"text-editor.default\">\n\t\t\t\t<div class=\"elementor-widget-container\">\n\t\t\t\t\t\t\t\t\t<p>Otev\u00edrac\u00ed doba restaurace<\/p><p>Po &#8211; \u00dat: ZAV\u0158ENO (zimn\u00ed sezona)<\/p><p>St &#8211; 16:00 &#8211; 21:00 studen\u00e1 kuchyn\u011b\u00a0<\/p><p>\u010ct &#8211; 16:00 &#8211; 21:00<\/p><p>P\u00e1 &#8211; 16:00 &#8211; 22:00<\/p><p>So &#8211; 11:00 &#8211; 22:00<\/p><p>Ne: 11:00 &#8211; 21:00<\/p><p><b>Check\u00a0in\u00a0 14:00\u00a0&#8211;\u00a020:00<\/b><\/p><p><b>Check out\u00a0 10:00<\/b><\/p><p><b>\u00a0<\/b><\/p><p><b>Mo\u017eno domluvit bezkontaktn\u00ed check in\u00a0<\/b><\/p>\t\t\t\t\t\t\t\t<\/div>\n\t\t\t\t<\/div>\n\t\t\t\t\t<\/div>\n\t\t<\/div>\n\t\t\t\t<div class=\"elementor-column elementor-col-33 elementor-top-column elementor-element elementor-element-83e089d\" data-id=\"83e089d\" data-element_type=\"column\">\n\t\t\t<div class=\"elementor-widget-wrap elementor-element-populated\">\n\t\t\t\t\t\t<div class=\"elementor-element elementor-element-11255f04 elementor-widget elementor-widget-heading\" data-id=\"11255f04\" data-element_type=\"widget\" data-widget_type=\"heading.default\">\n\t\t\t\t<div class=\"elementor-widget-container\">\n\t\t\t\t\t<h2 class=\"elementor-heading-title elementor-size-default\">Kontakty:<\/h2>\t\t\t\t<\/div>\n\t\t\t\t<\/div>\n\t\t\t\t<div class=\"elementor-element elementor-element-14c5cac5 elementor-widget elementor-widget-text-editor\" data-id=\"14c5cac5\" data-element_type=\"widget\" data-widget_type=\"text-editor.default\">\n\t\t\t\t<div class=\"elementor-widget-container\">\n\t\t\t\t\t\t\t\t\t<p>Penzion Ba\u010dalsk\u00fd ml\u00fdn s.r.o.<\/p><p>Mora\u0161ice 63<\/p><p>53802 Mora\u0161ice<\/p><p>I\u010c: \u00a009044973<\/p><p>Email: <a href=\"mailto:info@bacalsky-mlyn.cz\">info@bacalsky-mlyn.cz<\/a><\/p><p>Telefon: <a href=\"tel:+420602800048\">+420 602 800 048<\/a><\/p>\t\t\t\t\t\t\t\t<\/div>\n\t\t\t\t<\/div>\n\t\t\t\t\t<\/div>\n\t\t<\/div>\n\t\t\t\t<div class=\"elementor-column elementor-col-33 elementor-top-column elementor-element elementor-element-70671243\" data-id=\"70671243\" data-element_type=\"column\">\n\t\t\t<div class=\"elementor-widget-wrap elementor-element-populated\">\n\t\t\t\t\t\t<div class=\"elementor-element elementor-element-78bfe7c2 elementor-widget elementor-widget-google_maps\" data-id=\"78bfe7c2\" data-element_type=\"widget\" data-widget_type=\"google_maps.default\">\n\t\t\t\t<div class=\"elementor-widget-container\">\n\t\t\t\t\t\t\t<div class=\"elementor-custom-embed\">\n\t\t\t<iframe loading=\"lazy\"\n\t\t\t\t\tsrc=\"https:\/\/maps.google.com\/maps?q=Ba%C4%8Dalsk%C3%BD%20ml%C3%BDn&#038;t=m&#038;z=10&#038;output=embed&#038;iwloc=near\"\n\t\t\t\t\ttitle=\"Ba\u010dalsk\u00fd ml\u00fdn\"\n\t\t\t\t\taria-label=\"Ba\u010dalsk\u00fd ml\u00fdn\"\n\t\t\t><\/iframe>\n\t\t<\/div>\n\t\t\t\t\t\t<\/div>\n\t\t\t\t<\/div>\n\t\t\t\t\t<\/div>\n\t\t<\/div>\n\t\t\t\t\t<\/div>\n\t\t<\/section>\n\t\t\t\t<\/div>\n\t\t","protected":false},"excerpt":{"rendered":"<p>Konference Z\u00e1zem\u00ed pro Va\u0161e firemn\u00ed akce Konferen\u010dn\u00ed s\u00e1l Hled\u00e1te m\u00edsto pro po\u0159\u00e1d\u00e1n\u00ed \u0161kolen\u00ed, strategick\u00fdch meeting\u016f, team bulding\u016f, nebo t\u0159eba workshopu? Tak jste pr\u00e1v\u011b na\u0161li.. Firemn\u00ed akce, kde se v\u00e1\u0161 t\u00fdm stmel\u00ed, d\u00edky kombinaci pr\u00e1ce a odpo\u010dinku v p\u0159\u00edrod\u011b. Co je v\u00e1m k dispozici? Coffeebreak Velkoplo\u0161n\u00e1 obrazovka s napojen\u00edm na v\u00e1\u0161 notebook B\u00edl\u00e1 tabule Dostatek parkovac\u00edch&hellip;<\/p>\n","protected":false},"author":1,"featured_media":0,"parent":0,"menu_order":0,"comment_status":"closed","ping_status":"closed","template":"","meta":{"footnotes":""},"class_list":["post-541","page","type-page","status-publish","hentry"],"_links":{"self":[{"href":"https:\/\/bacalsky-mlyn.cz\/index.php?rest_route=\/wp\/v2\/pages\/541","targetHints":{"allow":["GET"]}}],"collection":[{"href":"https:\/\/bacalsky-mlyn.cz\/index.php?rest_route=\/wp\/v2\/pages"}],"about":[{"href":"https:\/\/bacalsky-mlyn.cz\/index.php?rest_route=\/wp\/v2\/types\/page"}],"author":[{"embeddable":true,"href":"https:\/\/bacalsky-mlyn.cz\/index.php?rest_route=\/wp\/v2\/users\/1"}],"replies":[{"embeddable":true,"href":"https:\/\/bacalsky-mlyn.cz\/index.php?rest_route=%2Fwp%2Fv2%2Fcomments&post=541"}],"version-history":[{"count":46,"href":"https:\/\/bacalsky-mlyn.cz\/index.php?rest_route=\/wp\/v2\/pages\/541\/revisions"}],"predecessor-version":[{"id":2403,"href":"https:\/\/bacalsky-mlyn.cz\/index.php?rest_route=\/wp\/v2\/pages\/541\/revisions\/2403"}],"wp:attachment":[{"href":"https:\/\/bacalsky-mlyn.cz\/index.php?rest_route=%2Fwp%2Fv2%2Fmedia&parent=541"}],"curies":[{"name":"wp","href":"https:\/\/api.w.org\/{rel}","templated":true}]}}